{"id":4618,"date":"2018-11-16T09:25:31","date_gmt":"2018-11-16T09:25:31","guid":{"rendered":"https:\/\/test.bege.nl\/product-details\/am\/"},"modified":"2025-12-19T09:56:04","modified_gmt":"2025-12-19T09:56:04","slug":"stirnrad-verstellgetriebemotoren-am","status":"publish","type":"product","link":"https:\/\/staging.bege.nl\/de\/product-details\/stirnrad-verstellgetriebemotoren-am\/","title":{"rendered":"AM-Serie &#8211; Stirnrad-Verstellgetriebemotoren"},"content":{"rendered":"<p>Mechanische Getriebesteuerung ohne Elektronik. Die BEGE Str\u00f6ter Stirnrad-Verstellgetriebemotoren der AM-Serie mit variablen Drehzahlen sind einfache und robuste Antriebskomponenten. Die Drehzahl l\u00e4sst sich schnell und einfach mit einem Handrad einstellen. <\/p>\n<p>Dieser Antrieb enth\u00e4lt keine teuren Schaltk\u00e4sten und Frequenzumrichter. Mit den Verstell-Getriebemotoren von Str\u00f6ter k\u00f6nnen Sie im Bereich der stufenlosen Getriebe verantwortungsbewusst und zugleich kostenbewusst entscheiden.<\/p>\n","protected":false},"excerpt":{"rendered":"<p>Stirnrad-Verstellgetriebemotoren<\/p>\n","protected":false},"featured_media":13454,"template":"","meta":[],"product_brand":[],"product_cat":[336,359],"product_tag":[1947,1999,1920,1948,1971,1989],"class_list":{"0":"post-4618","1":"product","2":"type-product","3":"status-publish","4":"has-post-thumbnail","6":"product_cat-getriebemotoren-de","7":"product_cat-verstell-getriebemotoren","8":"product_tag-allround-anwendbar","9":"product_tag-bewiesene-technologie","10":"product_tag-iec-standardgrose","11":"product_tag-lange-lebensdauer","12":"product_tag-max-ip66","13":"product_tag-niedriger-gerauschpegel","14":"entry","15":"has-media","17":"first","18":"instock","19":"shipping-taxable","20":"product-type-simple"},"yoast_head":"<!-- This site is optimized with the Yoast SEO plugin v26.6 - https:\/\/yoast.com\/wordpress\/plugins\/seo\/ -->\n<title>AM-Serie - Stirnrad-Verstellgetriebemotoren | BEGE<\/title>\n<meta name=\"description\" content=\"AM-Serie - Stirnrad-Verstellgetriebemotoren. Erfahren Sie mehr \u00fcber die Hauptmerkmale, Leistungen, Produkt Details und Technische Spezifikationen.\" \/>\n<meta name=\"robots\" content=\"noindex, follow, max-snippet:-1, max-image-preview:large, max-video-preview:-1\" \/>\n<meta property=\"og:locale\" content=\"de_DE\" \/>\n<meta property=\"og:type\" content=\"article\" \/>\n<meta property=\"og:title\" content=\"AM-Serie - Stirnrad-Verstellgetriebemotoren | BEGE\" \/>\n<meta property=\"og:description\" content=\"AM-Serie - Stirnrad-Verstellgetriebemotoren. Erfahren Sie mehr \u00fcber die Hauptmerkmale, Leistungen, Produkt Details und Technische Spezifikationen.\" \/>\n<meta property=\"og:url\" content=\"https:\/\/staging.bege.nl\/de\/product-details\/stirnrad-verstellgetriebemotoren-am\/\" \/>\n<meta property=\"og:site_name\" content=\"BEGE Power Transmission\" \/>\n<meta property=\"article:modified_time\" content=\"2025-12-19T09:56:04+00:00\" \/>\n<meta property=\"og:image\" content=\"https:\/\/staging.bege.nl\/wp-content\/uploads\/2018\/11\/AM-4.jpg\" \/>\n\t<meta property=\"og:image:width\" content=\"400\" \/>\n\t<meta property=\"og:image:height\" content=\"200\" \/>\n\t<meta property=\"og:image:type\" content=\"image\/jpeg\" \/>\n<meta name=\"twitter:card\" content=\"summary_large_image\" \/>\n<script type=\"application\/ld+json\" class=\"yoast-schema-graph\">{\"@context\":\"https:\/\/schema.org\",\"@graph\":[{\"@type\":\"WebPage\",\"@id\":\"https:\/\/staging.bege.nl\/de\/product-details\/stirnrad-verstellgetriebemotoren-am\/\",\"url\":\"https:\/\/staging.bege.nl\/de\/product-details\/stirnrad-verstellgetriebemotoren-am\/\",\"name\":\"AM-Serie - Stirnrad-Verstellgetriebemotoren | BEGE\",\"isPartOf\":{\"@id\":\"https:\/\/staging.bege.nl\/#website\"},\"primaryImageOfPage\":{\"@id\":\"https:\/\/staging.bege.nl\/de\/product-details\/stirnrad-verstellgetriebemotoren-am\/#primaryimage\"},\"image\":{\"@id\":\"https:\/\/staging.bege.nl\/de\/product-details\/stirnrad-verstellgetriebemotoren-am\/#primaryimage\"},\"thumbnailUrl\":\"https:\/\/staging.bege.nl\/wp-content\/uploads\/2018\/11\/AM-4.jpg\",\"datePublished\":\"2018-11-16T09:25:31+00:00\",\"dateModified\":\"2025-12-19T09:56:04+00:00\",\"description\":\"AM-Serie - Stirnrad-Verstellgetriebemotoren. Erfahren Sie mehr \u00fcber die Hauptmerkmale, Leistungen, Produkt Details und Technische Spezifikationen.\",\"breadcrumb\":{\"@id\":\"https:\/\/staging.bege.nl\/de\/product-details\/stirnrad-verstellgetriebemotoren-am\/#breadcrumb\"},\"inLanguage\":\"de\",\"potentialAction\":[{\"@type\":\"ReadAction\",\"target\":[\"https:\/\/staging.bege.nl\/de\/product-details\/stirnrad-verstellgetriebemotoren-am\/\"]}]},{\"@type\":\"ImageObject\",\"inLanguage\":\"de\",\"@id\":\"https:\/\/staging.bege.nl\/de\/product-details\/stirnrad-verstellgetriebemotoren-am\/#primaryimage\",\"url\":\"https:\/\/staging.bege.nl\/wp-content\/uploads\/2018\/11\/AM-4.jpg\",\"contentUrl\":\"https:\/\/staging.bege.nl\/wp-content\/uploads\/2018\/11\/AM-4.jpg\",\"width\":400,\"height\":200},{\"@type\":\"BreadcrumbList\",\"@id\":\"https:\/\/staging.bege.nl\/de\/product-details\/stirnrad-verstellgetriebemotoren-am\/#breadcrumb\",\"itemListElement\":[{\"@type\":\"ListItem\",\"position\":1,\"name\":\"Home\",\"item\":\"https:\/\/staging.bege.nl\/de\/\"},{\"@type\":\"ListItem\",\"position\":2,\"name\":\"Shop\",\"item\":\"https:\/\/staging.bege.nl\/shop\/\"},{\"@type\":\"ListItem\",\"position\":3,\"name\":\"AM-Serie &#8211; Stirnrad-Verstellgetriebemotoren\"}]},{\"@type\":\"WebSite\",\"@id\":\"https:\/\/staging.bege.nl\/#website\",\"url\":\"https:\/\/staging.bege.nl\/\",\"name\":\"BEGE Power Transmission\",\"description\":\"Your Drive. Our TransMission\",\"publisher\":{\"@id\":\"https:\/\/staging.bege.nl\/#organization\"},\"potentialAction\":[{\"@type\":\"SearchAction\",\"target\":{\"@type\":\"EntryPoint\",\"urlTemplate\":\"https:\/\/staging.bege.nl\/?s={search_term_string}\"},\"query-input\":{\"@type\":\"PropertyValueSpecification\",\"valueRequired\":true,\"valueName\":\"search_term_string\"}}],\"inLanguage\":\"de\"},{\"@type\":\"Organization\",\"@id\":\"https:\/\/staging.bege.nl\/#organization\",\"name\":\"BEGE Power Transmission\",\"url\":\"https:\/\/staging.bege.nl\/\",\"logo\":{\"@type\":\"ImageObject\",\"inLanguage\":\"de\",\"@id\":\"https:\/\/staging.bege.nl\/#\/schema\/logo\/image\/\",\"url\":\"https:\/\/staging.bege.nl\/wp-content\/uploads\/2018\/11\/logo_INT2.png\",\"contentUrl\":\"https:\/\/staging.bege.nl\/wp-content\/uploads\/2018\/11\/logo_INT2.png\",\"width\":420,\"height\":200,\"caption\":\"BEGE Power Transmission\"},\"image\":{\"@id\":\"https:\/\/staging.bege.nl\/#\/schema\/logo\/image\/\"}}]}<\/script>\n<!-- \/ Yoast SEO plugin. -->","yoast_head_json":{"title":"AM-Serie - Stirnrad-Verstellgetriebemotoren | BEGE","description":"AM-Serie - Stirnrad-Verstellgetriebemotoren. Erfahren Sie mehr \u00fcber die Hauptmerkmale, Leistungen, Produkt Details und Technische Spezifikationen.","robots":{"index":"noindex","follow":"follow","max-snippet":"max-snippet:-1","max-image-preview":"max-image-preview:large","max-video-preview":"max-video-preview:-1"},"og_locale":"de_DE","og_type":"article","og_title":"AM-Serie - Stirnrad-Verstellgetriebemotoren | BEGE","og_description":"AM-Serie - Stirnrad-Verstellgetriebemotoren. Erfahren Sie mehr \u00fcber die Hauptmerkmale, Leistungen, Produkt Details und Technische Spezifikationen.","og_url":"https:\/\/staging.bege.nl\/de\/product-details\/stirnrad-verstellgetriebemotoren-am\/","og_site_name":"BEGE Power Transmission","article_modified_time":"2025-12-19T09:56:04+00:00","og_image":[{"width":400,"height":200,"url":"https:\/\/staging.bege.nl\/wp-content\/uploads\/2018\/11\/AM-4.jpg","type":"image\/jpeg"}],"twitter_card":"summary_large_image","schema":{"@context":"https:\/\/schema.org","@graph":[{"@type":"WebPage","@id":"https:\/\/staging.bege.nl\/de\/product-details\/stirnrad-verstellgetriebemotoren-am\/","url":"https:\/\/staging.bege.nl\/de\/product-details\/stirnrad-verstellgetriebemotoren-am\/","name":"AM-Serie - Stirnrad-Verstellgetriebemotoren | BEGE","isPartOf":{"@id":"https:\/\/staging.bege.nl\/#website"},"primaryImageOfPage":{"@id":"https:\/\/staging.bege.nl\/de\/product-details\/stirnrad-verstellgetriebemotoren-am\/#primaryimage"},"image":{"@id":"https:\/\/staging.bege.nl\/de\/product-details\/stirnrad-verstellgetriebemotoren-am\/#primaryimage"},"thumbnailUrl":"https:\/\/staging.bege.nl\/wp-content\/uploads\/2018\/11\/AM-4.jpg","datePublished":"2018-11-16T09:25:31+00:00","dateModified":"2025-12-19T09:56:04+00:00","description":"AM-Serie - Stirnrad-Verstellgetriebemotoren. Erfahren Sie mehr \u00fcber die Hauptmerkmale, Leistungen, Produkt Details und Technische Spezifikationen.","breadcrumb":{"@id":"https:\/\/staging.bege.nl\/de\/product-details\/stirnrad-verstellgetriebemotoren-am\/#breadcrumb"},"inLanguage":"de","potentialAction":[{"@type":"ReadAction","target":["https:\/\/staging.bege.nl\/de\/product-details\/stirnrad-verstellgetriebemotoren-am\/"]}]},{"@type":"ImageObject","inLanguage":"de","@id":"https:\/\/staging.bege.nl\/de\/product-details\/stirnrad-verstellgetriebemotoren-am\/#primaryimage","url":"https:\/\/staging.bege.nl\/wp-content\/uploads\/2018\/11\/AM-4.jpg","contentUrl":"https:\/\/staging.bege.nl\/wp-content\/uploads\/2018\/11\/AM-4.jpg","width":400,"height":200},{"@type":"BreadcrumbList","@id":"https:\/\/staging.bege.nl\/de\/product-details\/stirnrad-verstellgetriebemotoren-am\/#breadcrumb","itemListElement":[{"@type":"ListItem","position":1,"name":"Home","item":"https:\/\/staging.bege.nl\/de\/"},{"@type":"ListItem","position":2,"name":"Shop","item":"https:\/\/staging.bege.nl\/shop\/"},{"@type":"ListItem","position":3,"name":"AM-Serie &#8211; Stirnrad-Verstellgetriebemotoren"}]},{"@type":"WebSite","@id":"https:\/\/staging.bege.nl\/#website","url":"https:\/\/staging.bege.nl\/","name":"BEGE Power Transmission","description":"Your Drive. Our TransMission","publisher":{"@id":"https:\/\/staging.bege.nl\/#organization"},"potentialAction":[{"@type":"SearchAction","target":{"@type":"EntryPoint","urlTemplate":"https:\/\/staging.bege.nl\/?s={search_term_string}"},"query-input":{"@type":"PropertyValueSpecification","valueRequired":true,"valueName":"search_term_string"}}],"inLanguage":"de"},{"@type":"Organization","@id":"https:\/\/staging.bege.nl\/#organization","name":"BEGE Power Transmission","url":"https:\/\/staging.bege.nl\/","logo":{"@type":"ImageObject","inLanguage":"de","@id":"https:\/\/staging.bege.nl\/#\/schema\/logo\/image\/","url":"https:\/\/staging.bege.nl\/wp-content\/uploads\/2018\/11\/logo_INT2.png","contentUrl":"https:\/\/staging.bege.nl\/wp-content\/uploads\/2018\/11\/logo_INT2.png","width":420,"height":200,"caption":"BEGE Power Transmission"},"image":{"@id":"https:\/\/staging.bege.nl\/#\/schema\/logo\/image\/"}}]}},"_links":{"self":[{"href":"https:\/\/staging.bege.nl\/de\/wp-json\/wp\/v2\/product\/4618","targetHints":{"allow":["GET"]}}],"collection":[{"href":"https:\/\/staging.bege.nl\/de\/wp-json\/wp\/v2\/product"}],"about":[{"href":"https:\/\/staging.bege.nl\/de\/wp-json\/wp\/v2\/types\/product"}],"wp:featuredmedia":[{"embeddable":true,"href":"https:\/\/staging.bege.nl\/de\/wp-json\/wp\/v2\/media\/13454"}],"wp:attachment":[{"href":"https:\/\/staging.bege.nl\/de\/wp-json\/wp\/v2\/media?parent=4618"}],"wp:term":[{"taxonomy":"product_brand","embeddable":true,"href":"https:\/\/staging.bege.nl\/de\/wp-json\/wp\/v2\/product_brand?post=4618"},{"taxonomy":"product_cat","embeddable":true,"href":"https:\/\/staging.bege.nl\/de\/wp-json\/wp\/v2\/product_cat?post=4618"},{"taxonomy":"product_tag","embeddable":true,"href":"https:\/\/staging.bege.nl\/de\/wp-json\/wp\/v2\/product_tag?post=4618"}],"curies":[{"name":"wp","href":"https:\/\/api.w.org\/{rel}","templated":true}]}}