{"id":13624,"date":"2020-08-03T08:42:52","date_gmt":"2020-08-03T08:42:52","guid":{"rendered":"https:\/\/www.bege.nl\/product-details\/economy-stainless-steel-helical-bevel-gear-motors-kee\/"},"modified":"2026-04-22T14:24:59","modified_gmt":"2026-04-22T14:24:59","slug":"economy-edelstahl-kegelstirnrad-getriebemotoren-kee","status":"publish","type":"product","link":"https:\/\/staging.bege.nl\/de\/product-details\/economy-edelstahl-kegelstirnrad-getriebemotoren-kee\/","title":{"rendered":"KE-Serie &#8211; Economy Edelstahl Kegelstirnrad-Getriebemotoren"},"content":{"rendered":"<p>Profitabel und lebensmittelecht. Mit den BEGE Str\u00f6ter Economy Edelstahl Kegelstirnrad-Getriebemotoren profitieren Sie von einem konsteng\u00fcnstigen und kosteneffizienten lebensmittelechten Antrieb, der sich f\u00fcr Anwedungen eignet, bei denen Hygiene eine wichtige Rolle spielt. <\/p>\n<p>Mit den KE-Serie erf\u00fcllt ein Antrieb immer die HACCP-und EHEDG-Standards. Sie sind unempfindlich gegen Hochdruckreinigung und f\u00fcr eine Frequenzregelung mit konstant Drehmoment zwischen 15 und 50 Hz geeignet.<\/p>\n","protected":false},"excerpt":{"rendered":"<p>Economy Edelstahl Kegelstirnrad-Getriebemotoren<\/p>\n","protected":false},"featured_media":13694,"template":"","meta":[],"product_brand":[],"product_cat":[336,358],"product_tag":[1880,1860,1883,1881,2251],"class_list":{"0":"post-13624","1":"product","2":"type-product","3":"status-publish","4":"has-post-thumbnail","6":"product_cat-getriebemotoren-de","7":"product_cat-edelstahl-getriebemotoren","8":"product_tag-hygienisches-design","9":"product_tag-ip69k","10":"product_tag-korrosionsbestandig","11":"product_tag-lebensmittelecht","12":"product_tag-profitabel","13":"entry","14":"has-media","16":"first","17":"instock","18":"featured","19":"shipping-taxable","20":"product-type-simple"},"yoast_head":"<!-- This site is optimized with the Yoast SEO plugin v26.6 - https:\/\/yoast.com\/wordpress\/plugins\/seo\/ -->\n<title>KE-Serie - Economy Edelstahl Kegelstirnrad-Getriebemotoren | BEGE<\/title>\n<meta name=\"description\" content=\"KE-Serie - Economy Edelstahl Kegelstirnrad-Getriebemotoren. Erfahren Sie mehr \u00fcber die Hauptmerkmale, Leistungen, Produkt Details und Technische Spezifikationen.\" \/>\n<meta name=\"robots\" content=\"noindex, follow, max-snippet:-1, max-image-preview:large, max-video-preview:-1\" \/>\n<meta property=\"og:locale\" content=\"de_DE\" \/>\n<meta property=\"og:type\" content=\"article\" \/>\n<meta property=\"og:title\" content=\"KE-Serie - Economy Edelstahl Kegelstirnrad-Getriebemotoren | BEGE\" \/>\n<meta property=\"og:description\" content=\"KE-Serie - Economy Edelstahl Kegelstirnrad-Getriebemotoren. Erfahren Sie mehr \u00fcber die Hauptmerkmale, Leistungen, Produkt Details und Technische Spezifikationen.\" \/>\n<meta property=\"og:url\" content=\"https:\/\/staging.bege.nl\/de\/product-details\/economy-edelstahl-kegelstirnrad-getriebemotoren-kee\/\" \/>\n<meta property=\"og:site_name\" content=\"BEGE Power Transmission\" \/>\n<meta property=\"article:modified_time\" content=\"2026-04-22T14:24:59+00:00\" \/>\n<meta property=\"og:image\" content=\"https:\/\/staging.bege.nl\/wp-content\/uploads\/2020\/08\/KEE.jpg\" \/>\n\t<meta property=\"og:image:width\" content=\"400\" \/>\n\t<meta property=\"og:image:height\" content=\"200\" \/>\n\t<meta property=\"og:image:type\" content=\"image\/jpeg\" \/>\n<meta name=\"twitter:card\" content=\"summary_large_image\" \/>\n<script type=\"application\/ld+json\" class=\"yoast-schema-graph\">{\"@context\":\"https:\/\/schema.org\",\"@graph\":[{\"@type\":\"WebPage\",\"@id\":\"https:\/\/staging.bege.nl\/de\/product-details\/economy-edelstahl-kegelstirnrad-getriebemotoren-kee\/\",\"url\":\"https:\/\/staging.bege.nl\/de\/product-details\/economy-edelstahl-kegelstirnrad-getriebemotoren-kee\/\",\"name\":\"KE-Serie - Economy Edelstahl Kegelstirnrad-Getriebemotoren | BEGE\",\"isPartOf\":{\"@id\":\"https:\/\/staging.bege.nl\/#website\"},\"primaryImageOfPage\":{\"@id\":\"https:\/\/staging.bege.nl\/de\/product-details\/economy-edelstahl-kegelstirnrad-getriebemotoren-kee\/#primaryimage\"},\"image\":{\"@id\":\"https:\/\/staging.bege.nl\/de\/product-details\/economy-edelstahl-kegelstirnrad-getriebemotoren-kee\/#primaryimage\"},\"thumbnailUrl\":\"https:\/\/staging.bege.nl\/wp-content\/uploads\/2020\/08\/KEE.jpg\",\"datePublished\":\"2020-08-03T08:42:52+00:00\",\"dateModified\":\"2026-04-22T14:24:59+00:00\",\"description\":\"KE-Serie - Economy Edelstahl Kegelstirnrad-Getriebemotoren. Erfahren Sie mehr \u00fcber die Hauptmerkmale, Leistungen, Produkt Details und Technische Spezifikationen.\",\"breadcrumb\":{\"@id\":\"https:\/\/staging.bege.nl\/de\/product-details\/economy-edelstahl-kegelstirnrad-getriebemotoren-kee\/#breadcrumb\"},\"inLanguage\":\"de\",\"potentialAction\":[{\"@type\":\"ReadAction\",\"target\":[\"https:\/\/staging.bege.nl\/de\/product-details\/economy-edelstahl-kegelstirnrad-getriebemotoren-kee\/\"]}]},{\"@type\":\"ImageObject\",\"inLanguage\":\"de\",\"@id\":\"https:\/\/staging.bege.nl\/de\/product-details\/economy-edelstahl-kegelstirnrad-getriebemotoren-kee\/#primaryimage\",\"url\":\"https:\/\/staging.bege.nl\/wp-content\/uploads\/2020\/08\/KEE.jpg\",\"contentUrl\":\"https:\/\/staging.bege.nl\/wp-content\/uploads\/2020\/08\/KEE.jpg\",\"width\":400,\"height\":200},{\"@type\":\"BreadcrumbList\",\"@id\":\"https:\/\/staging.bege.nl\/de\/product-details\/economy-edelstahl-kegelstirnrad-getriebemotoren-kee\/#breadcrumb\",\"itemListElement\":[{\"@type\":\"ListItem\",\"position\":1,\"name\":\"Home\",\"item\":\"https:\/\/staging.bege.nl\/de\/\"},{\"@type\":\"ListItem\",\"position\":2,\"name\":\"Shop\",\"item\":\"https:\/\/staging.bege.nl\/shop\/\"},{\"@type\":\"ListItem\",\"position\":3,\"name\":\"KE-Serie &#8211; Economy Edelstahl Kegelstirnrad-Getriebemotoren\"}]},{\"@type\":\"WebSite\",\"@id\":\"https:\/\/staging.bege.nl\/#website\",\"url\":\"https:\/\/staging.bege.nl\/\",\"name\":\"BEGE Power Transmission\",\"description\":\"Your Drive. Our TransMission\",\"publisher\":{\"@id\":\"https:\/\/staging.bege.nl\/#organization\"},\"potentialAction\":[{\"@type\":\"SearchAction\",\"target\":{\"@type\":\"EntryPoint\",\"urlTemplate\":\"https:\/\/staging.bege.nl\/?s={search_term_string}\"},\"query-input\":{\"@type\":\"PropertyValueSpecification\",\"valueRequired\":true,\"valueName\":\"search_term_string\"}}],\"inLanguage\":\"de\"},{\"@type\":\"Organization\",\"@id\":\"https:\/\/staging.bege.nl\/#organization\",\"name\":\"BEGE Power Transmission\",\"url\":\"https:\/\/staging.bege.nl\/\",\"logo\":{\"@type\":\"ImageObject\",\"inLanguage\":\"de\",\"@id\":\"https:\/\/staging.bege.nl\/#\/schema\/logo\/image\/\",\"url\":\"https:\/\/staging.bege.nl\/wp-content\/uploads\/2018\/11\/logo_INT2.png\",\"contentUrl\":\"https:\/\/staging.bege.nl\/wp-content\/uploads\/2018\/11\/logo_INT2.png\",\"width\":420,\"height\":200,\"caption\":\"BEGE Power Transmission\"},\"image\":{\"@id\":\"https:\/\/staging.bege.nl\/#\/schema\/logo\/image\/\"}}]}<\/script>\n<!-- \/ Yoast SEO plugin. -->","yoast_head_json":{"title":"KE-Serie - Economy Edelstahl Kegelstirnrad-Getriebemotoren | BEGE","description":"KE-Serie - Economy Edelstahl Kegelstirnrad-Getriebemotoren. Erfahren Sie mehr \u00fcber die Hauptmerkmale, Leistungen, Produkt Details und Technische Spezifikationen.","robots":{"index":"noindex","follow":"follow","max-snippet":"max-snippet:-1","max-image-preview":"max-image-preview:large","max-video-preview":"max-video-preview:-1"},"og_locale":"de_DE","og_type":"article","og_title":"KE-Serie - Economy Edelstahl Kegelstirnrad-Getriebemotoren | BEGE","og_description":"KE-Serie - Economy Edelstahl Kegelstirnrad-Getriebemotoren. Erfahren Sie mehr \u00fcber die Hauptmerkmale, Leistungen, Produkt Details und Technische Spezifikationen.","og_url":"https:\/\/staging.bege.nl\/de\/product-details\/economy-edelstahl-kegelstirnrad-getriebemotoren-kee\/","og_site_name":"BEGE Power Transmission","article_modified_time":"2026-04-22T14:24:59+00:00","og_image":[{"width":400,"height":200,"url":"https:\/\/staging.bege.nl\/wp-content\/uploads\/2020\/08\/KEE.jpg","type":"image\/jpeg"}],"twitter_card":"summary_large_image","schema":{"@context":"https:\/\/schema.org","@graph":[{"@type":"WebPage","@id":"https:\/\/staging.bege.nl\/de\/product-details\/economy-edelstahl-kegelstirnrad-getriebemotoren-kee\/","url":"https:\/\/staging.bege.nl\/de\/product-details\/economy-edelstahl-kegelstirnrad-getriebemotoren-kee\/","name":"KE-Serie - Economy Edelstahl Kegelstirnrad-Getriebemotoren | BEGE","isPartOf":{"@id":"https:\/\/staging.bege.nl\/#website"},"primaryImageOfPage":{"@id":"https:\/\/staging.bege.nl\/de\/product-details\/economy-edelstahl-kegelstirnrad-getriebemotoren-kee\/#primaryimage"},"image":{"@id":"https:\/\/staging.bege.nl\/de\/product-details\/economy-edelstahl-kegelstirnrad-getriebemotoren-kee\/#primaryimage"},"thumbnailUrl":"https:\/\/staging.bege.nl\/wp-content\/uploads\/2020\/08\/KEE.jpg","datePublished":"2020-08-03T08:42:52+00:00","dateModified":"2026-04-22T14:24:59+00:00","description":"KE-Serie - Economy Edelstahl Kegelstirnrad-Getriebemotoren. Erfahren Sie mehr \u00fcber die Hauptmerkmale, Leistungen, Produkt Details und Technische Spezifikationen.","breadcrumb":{"@id":"https:\/\/staging.bege.nl\/de\/product-details\/economy-edelstahl-kegelstirnrad-getriebemotoren-kee\/#breadcrumb"},"inLanguage":"de","potentialAction":[{"@type":"ReadAction","target":["https:\/\/staging.bege.nl\/de\/product-details\/economy-edelstahl-kegelstirnrad-getriebemotoren-kee\/"]}]},{"@type":"ImageObject","inLanguage":"de","@id":"https:\/\/staging.bege.nl\/de\/product-details\/economy-edelstahl-kegelstirnrad-getriebemotoren-kee\/#primaryimage","url":"https:\/\/staging.bege.nl\/wp-content\/uploads\/2020\/08\/KEE.jpg","contentUrl":"https:\/\/staging.bege.nl\/wp-content\/uploads\/2020\/08\/KEE.jpg","width":400,"height":200},{"@type":"BreadcrumbList","@id":"https:\/\/staging.bege.nl\/de\/product-details\/economy-edelstahl-kegelstirnrad-getriebemotoren-kee\/#breadcrumb","itemListElement":[{"@type":"ListItem","position":1,"name":"Home","item":"https:\/\/staging.bege.nl\/de\/"},{"@type":"ListItem","position":2,"name":"Shop","item":"https:\/\/staging.bege.nl\/shop\/"},{"@type":"ListItem","position":3,"name":"KE-Serie &#8211; Economy Edelstahl Kegelstirnrad-Getriebemotoren"}]},{"@type":"WebSite","@id":"https:\/\/staging.bege.nl\/#website","url":"https:\/\/staging.bege.nl\/","name":"BEGE Power Transmission","description":"Your Drive. Our TransMission","publisher":{"@id":"https:\/\/staging.bege.nl\/#organization"},"potentialAction":[{"@type":"SearchAction","target":{"@type":"EntryPoint","urlTemplate":"https:\/\/staging.bege.nl\/?s={search_term_string}"},"query-input":{"@type":"PropertyValueSpecification","valueRequired":true,"valueName":"search_term_string"}}],"inLanguage":"de"},{"@type":"Organization","@id":"https:\/\/staging.bege.nl\/#organization","name":"BEGE Power Transmission","url":"https:\/\/staging.bege.nl\/","logo":{"@type":"ImageObject","inLanguage":"de","@id":"https:\/\/staging.bege.nl\/#\/schema\/logo\/image\/","url":"https:\/\/staging.bege.nl\/wp-content\/uploads\/2018\/11\/logo_INT2.png","contentUrl":"https:\/\/staging.bege.nl\/wp-content\/uploads\/2018\/11\/logo_INT2.png","width":420,"height":200,"caption":"BEGE Power Transmission"},"image":{"@id":"https:\/\/staging.bege.nl\/#\/schema\/logo\/image\/"}}]}},"_links":{"self":[{"href":"https:\/\/staging.bege.nl\/de\/wp-json\/wp\/v2\/product\/13624","targetHints":{"allow":["GET"]}}],"collection":[{"href":"https:\/\/staging.bege.nl\/de\/wp-json\/wp\/v2\/product"}],"about":[{"href":"https:\/\/staging.bege.nl\/de\/wp-json\/wp\/v2\/types\/product"}],"wp:featuredmedia":[{"embeddable":true,"href":"https:\/\/staging.bege.nl\/de\/wp-json\/wp\/v2\/media\/13694"}],"wp:attachment":[{"href":"https:\/\/staging.bege.nl\/de\/wp-json\/wp\/v2\/media?parent=13624"}],"wp:term":[{"taxonomy":"product_brand","embeddable":true,"href":"https:\/\/staging.bege.nl\/de\/wp-json\/wp\/v2\/product_brand?post=13624"},{"taxonomy":"product_cat","embeddable":true,"href":"https:\/\/staging.bege.nl\/de\/wp-json\/wp\/v2\/product_cat?post=13624"},{"taxonomy":"product_tag","embeddable":true,"href":"https:\/\/staging.bege.nl\/de\/wp-json\/wp\/v2\/product_tag?post=13624"}],"curies":[{"name":"wp","href":"https:\/\/api.w.org\/{rel}","templated":true}]}}