{"id":11244,"date":"2019-12-02T09:32:16","date_gmt":"2019-12-02T09:32:16","guid":{"rendered":"https:\/\/www.bege.nl\/product-details\/flat-motors-kc\/"},"modified":"2025-12-19T09:57:16","modified_gmt":"2025-12-19T09:57:16","slug":"flachmotoren-kc","status":"publish","type":"product","link":"https:\/\/staging.bege.nl\/de\/product-details\/flachmotoren-kc\/","title":{"rendered":"K-Serie &#8211; Flachmotoren"},"content":{"rendered":"<p>Kompakt und platzsparend. Aufgrund ihrer kompakten, platzsparenden Bauweise eignen sich die Flachmotoren von Himmel ideal zum Fr\u00e4sen, Schneiden, Bohren, S\u00e4gen, Bearbeiten oder Schleifen. Sie kommen in komplexen Anlagen zum Einsatz, in denen hohe Anforderungen hinsichtlich Laufgenauigkeit und Kraft der Antriebseinheit bestehen. Daneben eignen sie sich hervorragend f\u00fcr einfache Maschinensysteme, bei denen besonderer Wert auf eine bezahlbare und zuverl\u00e4ssige Antriebsl\u00f6sung gelegt wird. <\/p>\n<p> Unsere Flachmotoren arbeiten selbst unter schwierigen Bedingungen, wie bei der Holz-, Metall-, Glas- und Kunststoffbearbeitung, fehlerfrei.<\/p>\n","protected":false},"excerpt":{"rendered":"<p>Flachmotoren<\/p>\n","protected":false},"featured_media":13598,"template":"","meta":[],"product_brand":[],"product_cat":[316,322],"product_tag":[2024,2013,1948,2249,1896],"class_list":{"0":"post-11244","1":"product","2":"type-product","3":"status-publish","4":"has-post-thumbnail","6":"product_cat-elektromotoren-de","7":"product_cat-wechselstrommotoren","8":"product_tag-hohe-prazision","9":"product_tag-kraftvoll","10":"product_tag-lange-lebensdauer","11":"product_tag-platzsparend","12":"product_tag-robust","13":"entry","14":"has-media","16":"first","17":"instock","18":"shipping-taxable","19":"product-type-simple"},"yoast_head":"<!-- This site is optimized with the Yoast SEO plugin v26.6 - https:\/\/yoast.com\/wordpress\/plugins\/seo\/ -->\n<title>K-Serie - Flachmotoren | BEGE<\/title>\n<meta name=\"description\" content=\"K-Serie - Flachmotoren. Erfahren Sie mehr \u00fcber die Hauptmerkmale, Leistungen, Produkt Details und Technische Spezifikationen.\" \/>\n<meta name=\"robots\" content=\"noindex, follow, max-snippet:-1, max-image-preview:large, max-video-preview:-1\" \/>\n<meta property=\"og:locale\" content=\"de_DE\" \/>\n<meta property=\"og:type\" content=\"article\" \/>\n<meta property=\"og:title\" content=\"K-Serie - Flachmotoren | BEGE\" \/>\n<meta property=\"og:description\" content=\"K-Serie - Flachmotoren. Erfahren Sie mehr \u00fcber die Hauptmerkmale, Leistungen, Produkt Details und Technische Spezifikationen.\" \/>\n<meta property=\"og:url\" content=\"https:\/\/staging.bege.nl\/de\/product-details\/flachmotoren-kc\/\" \/>\n<meta property=\"og:site_name\" content=\"BEGE Power Transmission\" \/>\n<meta property=\"article:modified_time\" content=\"2025-12-19T09:57:16+00:00\" \/>\n<meta property=\"og:image\" content=\"https:\/\/staging.bege.nl\/wp-content\/uploads\/2019\/12\/KC-2.jpg\" \/>\n\t<meta property=\"og:image:width\" content=\"400\" \/>\n\t<meta property=\"og:image:height\" content=\"200\" \/>\n\t<meta property=\"og:image:type\" content=\"image\/jpeg\" \/>\n<meta name=\"twitter:card\" content=\"summary_large_image\" \/>\n<script type=\"application\/ld+json\" class=\"yoast-schema-graph\">{\"@context\":\"https:\/\/schema.org\",\"@graph\":[{\"@type\":\"WebPage\",\"@id\":\"https:\/\/staging.bege.nl\/de\/product-details\/flachmotoren-kc\/\",\"url\":\"https:\/\/staging.bege.nl\/de\/product-details\/flachmotoren-kc\/\",\"name\":\"K-Serie - Flachmotoren | BEGE\",\"isPartOf\":{\"@id\":\"https:\/\/staging.bege.nl\/#website\"},\"primaryImageOfPage\":{\"@id\":\"https:\/\/staging.bege.nl\/de\/product-details\/flachmotoren-kc\/#primaryimage\"},\"image\":{\"@id\":\"https:\/\/staging.bege.nl\/de\/product-details\/flachmotoren-kc\/#primaryimage\"},\"thumbnailUrl\":\"https:\/\/staging.bege.nl\/wp-content\/uploads\/2019\/12\/KC-2.jpg\",\"datePublished\":\"2019-12-02T09:32:16+00:00\",\"dateModified\":\"2025-12-19T09:57:16+00:00\",\"description\":\"K-Serie - Flachmotoren. Erfahren Sie mehr \u00fcber die Hauptmerkmale, Leistungen, Produkt Details und Technische Spezifikationen.\",\"breadcrumb\":{\"@id\":\"https:\/\/staging.bege.nl\/de\/product-details\/flachmotoren-kc\/#breadcrumb\"},\"inLanguage\":\"de\",\"potentialAction\":[{\"@type\":\"ReadAction\",\"target\":[\"https:\/\/staging.bege.nl\/de\/product-details\/flachmotoren-kc\/\"]}]},{\"@type\":\"ImageObject\",\"inLanguage\":\"de\",\"@id\":\"https:\/\/staging.bege.nl\/de\/product-details\/flachmotoren-kc\/#primaryimage\",\"url\":\"https:\/\/staging.bege.nl\/wp-content\/uploads\/2019\/12\/KC-2.jpg\",\"contentUrl\":\"https:\/\/staging.bege.nl\/wp-content\/uploads\/2019\/12\/KC-2.jpg\",\"width\":400,\"height\":200},{\"@type\":\"BreadcrumbList\",\"@id\":\"https:\/\/staging.bege.nl\/de\/product-details\/flachmotoren-kc\/#breadcrumb\",\"itemListElement\":[{\"@type\":\"ListItem\",\"position\":1,\"name\":\"Home\",\"item\":\"https:\/\/staging.bege.nl\/de\/\"},{\"@type\":\"ListItem\",\"position\":2,\"name\":\"Shop\",\"item\":\"https:\/\/staging.bege.nl\/shop\/\"},{\"@type\":\"ListItem\",\"position\":3,\"name\":\"K-Serie &#8211; Flachmotoren\"}]},{\"@type\":\"WebSite\",\"@id\":\"https:\/\/staging.bege.nl\/#website\",\"url\":\"https:\/\/staging.bege.nl\/\",\"name\":\"BEGE Power Transmission\",\"description\":\"Your Drive. Our TransMission\",\"publisher\":{\"@id\":\"https:\/\/staging.bege.nl\/#organization\"},\"potentialAction\":[{\"@type\":\"SearchAction\",\"target\":{\"@type\":\"EntryPoint\",\"urlTemplate\":\"https:\/\/staging.bege.nl\/?s={search_term_string}\"},\"query-input\":{\"@type\":\"PropertyValueSpecification\",\"valueRequired\":true,\"valueName\":\"search_term_string\"}}],\"inLanguage\":\"de\"},{\"@type\":\"Organization\",\"@id\":\"https:\/\/staging.bege.nl\/#organization\",\"name\":\"BEGE Power Transmission\",\"url\":\"https:\/\/staging.bege.nl\/\",\"logo\":{\"@type\":\"ImageObject\",\"inLanguage\":\"de\",\"@id\":\"https:\/\/staging.bege.nl\/#\/schema\/logo\/image\/\",\"url\":\"https:\/\/staging.bege.nl\/wp-content\/uploads\/2018\/11\/logo_INT2.png\",\"contentUrl\":\"https:\/\/staging.bege.nl\/wp-content\/uploads\/2018\/11\/logo_INT2.png\",\"width\":420,\"height\":200,\"caption\":\"BEGE Power Transmission\"},\"image\":{\"@id\":\"https:\/\/staging.bege.nl\/#\/schema\/logo\/image\/\"}}]}<\/script>\n<!-- \/ Yoast SEO plugin. -->","yoast_head_json":{"title":"K-Serie - Flachmotoren | BEGE","description":"K-Serie - Flachmotoren. Erfahren Sie mehr \u00fcber die Hauptmerkmale, Leistungen, Produkt Details und Technische Spezifikationen.","robots":{"index":"noindex","follow":"follow","max-snippet":"max-snippet:-1","max-image-preview":"max-image-preview:large","max-video-preview":"max-video-preview:-1"},"og_locale":"de_DE","og_type":"article","og_title":"K-Serie - Flachmotoren | BEGE","og_description":"K-Serie - Flachmotoren. Erfahren Sie mehr \u00fcber die Hauptmerkmale, Leistungen, Produkt Details und Technische Spezifikationen.","og_url":"https:\/\/staging.bege.nl\/de\/product-details\/flachmotoren-kc\/","og_site_name":"BEGE Power Transmission","article_modified_time":"2025-12-19T09:57:16+00:00","og_image":[{"width":400,"height":200,"url":"https:\/\/staging.bege.nl\/wp-content\/uploads\/2019\/12\/KC-2.jpg","type":"image\/jpeg"}],"twitter_card":"summary_large_image","schema":{"@context":"https:\/\/schema.org","@graph":[{"@type":"WebPage","@id":"https:\/\/staging.bege.nl\/de\/product-details\/flachmotoren-kc\/","url":"https:\/\/staging.bege.nl\/de\/product-details\/flachmotoren-kc\/","name":"K-Serie - Flachmotoren | BEGE","isPartOf":{"@id":"https:\/\/staging.bege.nl\/#website"},"primaryImageOfPage":{"@id":"https:\/\/staging.bege.nl\/de\/product-details\/flachmotoren-kc\/#primaryimage"},"image":{"@id":"https:\/\/staging.bege.nl\/de\/product-details\/flachmotoren-kc\/#primaryimage"},"thumbnailUrl":"https:\/\/staging.bege.nl\/wp-content\/uploads\/2019\/12\/KC-2.jpg","datePublished":"2019-12-02T09:32:16+00:00","dateModified":"2025-12-19T09:57:16+00:00","description":"K-Serie - Flachmotoren. Erfahren Sie mehr \u00fcber die Hauptmerkmale, Leistungen, Produkt Details und Technische Spezifikationen.","breadcrumb":{"@id":"https:\/\/staging.bege.nl\/de\/product-details\/flachmotoren-kc\/#breadcrumb"},"inLanguage":"de","potentialAction":[{"@type":"ReadAction","target":["https:\/\/staging.bege.nl\/de\/product-details\/flachmotoren-kc\/"]}]},{"@type":"ImageObject","inLanguage":"de","@id":"https:\/\/staging.bege.nl\/de\/product-details\/flachmotoren-kc\/#primaryimage","url":"https:\/\/staging.bege.nl\/wp-content\/uploads\/2019\/12\/KC-2.jpg","contentUrl":"https:\/\/staging.bege.nl\/wp-content\/uploads\/2019\/12\/KC-2.jpg","width":400,"height":200},{"@type":"BreadcrumbList","@id":"https:\/\/staging.bege.nl\/de\/product-details\/flachmotoren-kc\/#breadcrumb","itemListElement":[{"@type":"ListItem","position":1,"name":"Home","item":"https:\/\/staging.bege.nl\/de\/"},{"@type":"ListItem","position":2,"name":"Shop","item":"https:\/\/staging.bege.nl\/shop\/"},{"@type":"ListItem","position":3,"name":"K-Serie &#8211; Flachmotoren"}]},{"@type":"WebSite","@id":"https:\/\/staging.bege.nl\/#website","url":"https:\/\/staging.bege.nl\/","name":"BEGE Power Transmission","description":"Your Drive. Our TransMission","publisher":{"@id":"https:\/\/staging.bege.nl\/#organization"},"potentialAction":[{"@type":"SearchAction","target":{"@type":"EntryPoint","urlTemplate":"https:\/\/staging.bege.nl\/?s={search_term_string}"},"query-input":{"@type":"PropertyValueSpecification","valueRequired":true,"valueName":"search_term_string"}}],"inLanguage":"de"},{"@type":"Organization","@id":"https:\/\/staging.bege.nl\/#organization","name":"BEGE Power Transmission","url":"https:\/\/staging.bege.nl\/","logo":{"@type":"ImageObject","inLanguage":"de","@id":"https:\/\/staging.bege.nl\/#\/schema\/logo\/image\/","url":"https:\/\/staging.bege.nl\/wp-content\/uploads\/2018\/11\/logo_INT2.png","contentUrl":"https:\/\/staging.bege.nl\/wp-content\/uploads\/2018\/11\/logo_INT2.png","width":420,"height":200,"caption":"BEGE Power Transmission"},"image":{"@id":"https:\/\/staging.bege.nl\/#\/schema\/logo\/image\/"}}]}},"_links":{"self":[{"href":"https:\/\/staging.bege.nl\/de\/wp-json\/wp\/v2\/product\/11244","targetHints":{"allow":["GET"]}}],"collection":[{"href":"https:\/\/staging.bege.nl\/de\/wp-json\/wp\/v2\/product"}],"about":[{"href":"https:\/\/staging.bege.nl\/de\/wp-json\/wp\/v2\/types\/product"}],"wp:featuredmedia":[{"embeddable":true,"href":"https:\/\/staging.bege.nl\/de\/wp-json\/wp\/v2\/media\/13598"}],"wp:attachment":[{"href":"https:\/\/staging.bege.nl\/de\/wp-json\/wp\/v2\/media?parent=11244"}],"wp:term":[{"taxonomy":"product_brand","embeddable":true,"href":"https:\/\/staging.bege.nl\/de\/wp-json\/wp\/v2\/product_brand?post=11244"},{"taxonomy":"product_cat","embeddable":true,"href":"https:\/\/staging.bege.nl\/de\/wp-json\/wp\/v2\/product_cat?post=11244"},{"taxonomy":"product_tag","embeddable":true,"href":"https:\/\/staging.bege.nl\/de\/wp-json\/wp\/v2\/product_tag?post=11244"}],"curies":[{"name":"wp","href":"https:\/\/api.w.org\/{rel}","templated":true}]}}